{"id":242,"date":"2014-05-09T09:58:50","date_gmt":"2014-05-09T07:58:50","guid":{"rendered":"http:\/\/www.akitazucht-leipzig.de\/?page_id=242"},"modified":"2014-09-08T15:51:37","modified_gmt":"2014-09-08T13:51:37","slug":"der-akita-hunderasse","status":"publish","type":"page","link":"https:\/\/www.akitazucht-leipzig.de\/?page_id=242","title":{"rendered":"Der Akita (Hunderasse)"},"content":{"rendered":"<h2><span id=\"Herkunft_und_Geschichtliches\" class=\"mw-headline\">Herkunft und Geschichtliches<\/span><\/h2>\n<p>\u00dcber die Abstammung der japanischen Rasse Akita gibt es viele Studien und Untersuchungen und noch mehr Meinungen. Der Name stammt von der heutigen <a title=\"Pr\u00e4fektur Akita\" href=\"http:\/\/de.wikipedia.org\/wiki\/Pr%C3%A4fektur_Akita\">Pr\u00e4fektur Akita<\/a> (Umgebung der Stadt <a class=\"mw-redirect\" title=\"Odate\" href=\"http:\/\/de.wikipedia.org\/wiki\/Odate\">Odate<\/a>). Die Zus\u00e4tze <i>Inu<\/i> und <i>Ken<\/i>, die fr\u00fcher zum Rassenamen geh\u00f6rten, bedeuten <i>Hund<\/i>. Uchida ist der Meinung, dass diese Hunde bereits in vorhistorischen Zeiten in Japan zu finden waren. Der japanische Zoologe Shozaburo Watase (jap. \u6e21\u702c\u5e84\u4e09\u90ce) sieht den Ursprung der Rasse in hochnordischen Hunden, die mit Menschen auf die japanischen Inseln einwanderten.<\/p>\n<p>Erste Hundedarstellungen, die diesem Hundetyp \u00e4hnelten, datieren auf das 2. Jahrhundert v. Chr. als t\u00f6nerne Grabbeigaben, typisch die Stehohren und der \u00fcber den R\u00fccken geringelte Schwanz. Auf Bronzeglocken, die etwa zur gleichen Zeit entstanden, ist ebenfalls dieser Hundetyp als Relief zu finden. Die damaligen Hunde waren kleiner als die heutigen Akitas. Dr. Watase unterscheidet drei geografische Typen: einen extrem n\u00f6rdlichen, einen n\u00f6rdlichen und einen s\u00fcdlichen. Je nach Gegebenheiten und den Lebensbedingungen angepasst sahen diese Hundetypen unterschiedlich aus. Der N\u00f6rdliche sei gro\u00df gewesen, langhaarig, vorwiegend wei\u00df und mit dem typischen \u00fcber den R\u00fccken geringelten Schwanz, dieser sei einer der Vorfahren des heutigen Akita.<\/p>\n<p>Die genaue Entwicklungsgeschichte der Rasse l\u00e4sst sich jedoch nicht eindeutig nachvollziehen. Fest steht nur, dass diese Hunde ein Teil der japanischen Geschichte und Kultur sind. Japaner verstanden diese Tatsache schon anfangs des 20. Jahrhunderts, und im Rahmen der Bem\u00fchungen um den Erhalt dieser Rasse erkl\u00e4rten sie im Juli 1931 den Akita zum Naturdenkmal Japans, als erste von sieben typisch japanischen Hunderassen. Die Ausfuhr aus Japan war bis 1945 sogar verboten.<\/p>\n<p>Der bekannteste Akita ist der Hund <a title=\"Hachik\u014d\" href=\"http:\/\/de.wikipedia.org\/wiki\/Hachik%C5%8D\">Hachik\u014d<\/a>.<\/p>\n<p><iframe loading=\"lazy\" src=\"\/\/www.youtube-nocookie.com\/embed\/MwVcvtaZj78?rel=0\" width=\"560\" height=\"315\" frameborder=\"0\" allowfullscreen=\"allowfullscreen\"><\/iframe><\/p>\n<p>&nbsp;<\/p>\n<h2><span id=\"Beschreibung\" class=\"mw-headline\">Beschreibung<\/span><\/h2>\n<p>Der Akita ist ein japanischer Spitz. Vor 1999 wurden zwei Erscheinungsformen der Rasse gez\u00fcchtet, n\u00e4mlich der hier beschriebene japanische und der amerikanische Typ (<a title=\"American Akita\" href=\"http:\/\/de.wikipedia.org\/wiki\/American_Akita\">American Akita<\/a>). Die Rasse wurde 1999 von der <a title=\"F\u00e9d\u00e9ration Cynologique Internationale\" href=\"http:\/\/de.wikipedia.org\/wiki\/F%C3%A9d%C3%A9ration_Cynologique_Internationale\">FCI<\/a> in zwei Rassen aufgeteilt. Seitdem tr\u00e4gt der japanische Typ ausschlie\u00dflich den Namen \u201eAkita\u201c, der Zusatz \u201eInu\u201c (japanisch f\u00fcr &#8220;Hund&#8221;) entf\u00e4llt. Der American Akita wird seit dem 1. Januar 2000 innerhalb der FCI als eigene Rasse gef\u00fchrt.<\/p>\n<p>Der Akita ist ein gro\u00dfer, gut proportionierter Hund mit einer K\u00f6rpergr\u00f6\u00dfe bis 70\u00a0cm, von kr\u00e4ftigem K\u00f6rperbau, robuste Konstitution; das Verh\u00e4ltnis <a title=\"Widerrist\" href=\"http:\/\/de.wikipedia.org\/wiki\/Widerrist\">Widerristh\u00f6he<\/a> zu K\u00f6rperl\u00e4nge betr\u00e4gt 10:11. Seine Statur ist kr\u00e4ftig und muskul\u00f6s. Auff\u00e4llig ist seine breite Stirn mit der typischen Stirnfurche. Die Ohren sind klein, dreieckig, eher dick, aufrecht, nach vorne geneigt. Das Fell ist hart, das Deckhaar grob, allerdings mit weicher Unterwolle. In den Farben Rot-falbfarben, Sesam (rot-falbfarbene Haare mit schwarzen Spitzen), <a title=\"Stromung\" href=\"http:\/\/de.wikipedia.org\/wiki\/Stromung\">Brindle<\/a>, Wei\u00df, die Unterwolle weich und dicht. Die Rute wird fest eingerollt auf dem R\u00fccken getragen.<\/p>\n<h2><span id=\"Genetik\" class=\"mw-headline\">Genetik<\/span><\/h2>\n<p>Laut in 2010 ver\u00f6ffentlichten genetischen Analysen der <a title=\"Single Nucleotide Polymorphism\" href=\"http:\/\/de.wikipedia.org\/wiki\/Single_Nucleotide_Polymorphism\">Einzelnukleotid-Polymorphismen<\/a> von 912 Hunden und 225 W\u00f6lfen geh\u00f6ren Akitas zu den Hunden, bei denen starke Hinweise auf eine sp\u00e4tere Beimischung von W\u00f6lfen in ihrer Geschichte gefunden wurden. Beim Akita wurden (wie beim Dingo, dem Chow Chow und Shar Pei) Hinweise auf eine Beimischung von Chinesischen W\u00f6lfen gefunden. Zugleich geh\u00f6ren Akitas zu den Hunden, welche von den meisten anderen untersuchten Rassen sehr stark genetisch abgegrenzt sind und als \u201ealtert\u00fcmliche Rassen\u201c (im Original \u201e<i>ancient breeds<\/i>\u201c) bezeichnet werden. Innerhalb dieser Hunde geh\u00f6ren Akitas mit dem Neuguinea-Dingo, dem Chow Chow, dem Dingo und dem Shar-Pei zur \u201eAsiatischen Gruppe\u201c.<\/p>\n<h2><span id=\"Wesen\" class=\"mw-headline\">Wesen<\/span><\/h2>\n<p>Der Akita ist ein intelligenter, ruhiger, robuster, starker Hund, der ein ausgepr\u00e4gtes Jagd- und Schutzverhalten zeigt. Die Rasse wurde in ihrer Geschichte erst als Jagdhund gez\u00fcchtet, sp\u00e4ter kamen Wach- und Schutzaufgaben dazu. Die entsprechenden Verhaltensweisen sind bis heute erhalten und werden in der Zucht gepflegt. Akitas haben eine gro\u00dfe <a title=\"Individualdistanz\" href=\"http:\/\/de.wikipedia.org\/wiki\/Individualdistanz\">Individualdistanz<\/a> und m\u00f6gen keine fremden Hunde in ihrer N\u00e4he. Fremden Menschen gegen\u00fcber zeigen Akitas sich meist freundlich, auch zur\u00fcckhaltend oder gleichg\u00fcltig. Akitas sind eigenst\u00e4ndiger und selbstbewusster als europ\u00e4ische Gebrauchshundrassen und verhalten sich nicht unterw\u00fcrfig.<\/p>\n<table style=\"border: 2px solid #ff0000; margin: 0.5em auto; clear: both; position: relative;\" cellspacing=\"4\" cellpadding=\"4\">\n<tbody>\n<tr>\n<td>Dieser Artikel basiert auf dem Artikel<br \/>\n<a href=\"http:\/\/de.wikipedia.org\/wiki\/Akita_(Hunderasse)\" rel=\"nofollow\"><br \/>\nAkita_(Hunderasse)<\/a><br \/>\naus der freien Enzyklop\u00e4die<br \/>\n<a href=\"http:\/\/de.wikipedia.org\/wiki\/Wikipedia:Hauptseite\" rel=\"nofollow\">Wikipedia<\/a><br \/>\nund steht unter der Doppellizenz <a class=\"external text\" href=\"http:\/\/www.hier-ihre-webseite-eintragen.de\/lokale-fdl.txt\" rel=\"nofollow\">GNU-Lizenz f\u00fcr freie Dokumentation<\/a> und<br \/>\n<a href=\"http:\/\/creativecommons.org\/licenses\/by-sa\/3.0\/de\/\" rel=\"nofollow\"><br \/>\nCreative Commons CC-BY-SA 3.0 Unported<\/a> (<a href=\"http:\/\/creativecommons.org\/licenses\/by-sa\/3.0\/de\/legalcode\" rel=\"nofollow\">Kurzfassung<\/a>).<br \/>\nIn der Wikipedia ist eine <a href=\"http:\/\/de.wikipedia.org\/w\/index.php?title=Akita_(Hunderasse)&amp;action=history\" rel=\"nofollow\"><br \/>\nListe der Autoren<\/a> verf\u00fcgbar.<\/td>\n<\/tr>\n<\/tbody>\n<\/table>\n","protected":false},"excerpt":{"rendered":"<p>Herkunft und Geschichtliches \u00dcber die Abstammung der japanischen Rasse Akita gibt es viele Studien und Untersuchungen und noch mehr Meinungen. Der Name stammt von der heutigen Pr\u00e4fektur Akita (Umgebung der Stadt Odate). Die Zus\u00e4tze Inu und Ken, die fr\u00fcher zum Rassenamen geh\u00f6rten, bedeuten Hund. Uchida ist der Meinung, dass diese <a class=\"more-link\" href=\"https:\/\/www.akitazucht-leipzig.de\/?page_id=242\">Continue Reading &rarr;<\/a><\/p>\n","protected":false},"author":1,"featured_media":0,"parent":0,"menu_order":0,"comment_status":"closed","ping_status":"closed","template":"","meta":{"ngg_post_thumbnail":0},"_links":{"self":[{"href":"https:\/\/www.akitazucht-leipzig.de\/index.php?rest_route=\/wp\/v2\/pages\/242"}],"collection":[{"href":"https:\/\/www.akitazucht-leipzig.de\/index.php?rest_route=\/wp\/v2\/pages"}],"about":[{"href":"https:\/\/www.akitazucht-leipzig.de\/index.php?rest_route=\/wp\/v2\/types\/page"}],"author":[{"embeddable":true,"href":"https:\/\/www.akitazucht-leipzig.de\/index.php?rest_route=\/wp\/v2\/users\/1"}],"replies":[{"embeddable":true,"href":"https:\/\/www.akitazucht-leipzig.de\/index.php?rest_route=%2Fwp%2Fv2%2Fcomments&post=242"}],"version-history":[{"count":6,"href":"https:\/\/www.akitazucht-leipzig.de\/index.php?rest_route=\/wp\/v2\/pages\/242\/revisions"}],"predecessor-version":[{"id":480,"href":"https:\/\/www.akitazucht-leipzig.de\/index.php?rest_route=\/wp\/v2\/pages\/242\/revisions\/480"}],"wp:attachment":[{"href":"https:\/\/www.akitazucht-leipzig.de\/index.php?rest_route=%2Fwp%2Fv2%2Fmedia&parent=242"}],"curies":[{"name":"wp","href":"https:\/\/api.w.org\/{rel}","templated":true}]}}